{"id":17,"date":"2020-05-02T17:17:09","date_gmt":"2020-05-02T17:17:09","guid":{"rendered":"http:\/\/lianadesign.de\/?page_id=17"},"modified":"2022-01-23T13:12:50","modified_gmt":"2022-01-23T13:12:50","slug":"die-designerin","status":"publish","type":"page","link":"https:\/\/lianadesign.de\/?page_id=17","title":{"rendered":"Die Designerin"},"content":{"rendered":"\n<div class=\"wp-block-image\"><figure class=\"alignright size-large is-resized\"><img loading=\"lazy\" decoding=\"async\" src=\"http:\/\/lianadesign.de\/wp-content\/uploads\/2020\/06\/LIANAdesign-Foto-Liana-Brush.png\" alt=\"Foto Liana\" class=\"wp-image-200\" width=\"269\" height=\"190\" srcset=\"https:\/\/lianadesign.de\/wp-content\/uploads\/2020\/06\/LIANAdesign-Foto-Liana-Brush.png 953w, https:\/\/lianadesign.de\/wp-content\/uploads\/2020\/06\/LIANAdesign-Foto-Liana-Brush-300x211.png 300w, https:\/\/lianadesign.de\/wp-content\/uploads\/2020\/06\/LIANAdesign-Foto-Liana-Brush-768x541.png 768w, https:\/\/lianadesign.de\/wp-content\/uploads\/2020\/06\/LIANAdesign-Foto-Liana-Brush-500x352.png 500w, https:\/\/lianadesign.de\/wp-content\/uploads\/2020\/06\/LIANAdesign-Foto-Liana-Brush-800x563.png 800w, https:\/\/lianadesign.de\/wp-content\/uploads\/2020\/06\/LIANAdesign-Foto-Liana-Brush-85x60.png 85w\" sizes=\"auto, (max-width: 269px) 100vw, 269px\" \/><\/figure><\/div>\n\n\n\n<p>Hallo, ich bin Liana. Gerade habe ich mich mit Grafik- und Kommunikationsdesign nebenberuflich selbstst\u00e4ndig gemacht. Bad Lippspringe in der N\u00e4he von Paderborn ist meine Wahlheimat.<\/p>\n\n\n\n<p>In Soest habe ich Design- und Projektmanagement studiert und meinen Master in Wirtschaftsingenieurwesen in Hagen absolviert. Hauptberuflich arbeite ich als Projektmanagerin f\u00fcr Kommunikationsprojekte.<\/p>\n\n\n\n<p>Mit <strong>LIANA design<\/strong> bringe ich meine Kreativit\u00e4t in geordnete Bahnen und freue mich darauf, spannende Projekte\/Auftr\u00e4ge mit dir und f\u00fcr dich durchzuf\u00fchren.<\/p>\n\n\n\n<p>Ich habe dein Interesse geweckt? Dann kontaktiere mich gerne.<\/p>\n\n\n\n<div class=\"wp-block-buttons is-layout-flex wp-block-buttons-is-layout-flex\">\n<div class=\"wp-block-button\"><a class=\"wp-block-button__link\" href=\"http:\/\/lianadesign.de\/?page_id=73\">KONTAKT<\/a><\/div>\n<\/div>\n\n\n\n<p><\/p>\n","protected":false},"excerpt":{"rendered":"<p>Hallo, ich bin Liana. Gerade habe ich mich mit Grafik- und Kommunikationsdesign nebenberuflich selbstst\u00e4ndig gemacht. Bad Lippspringe in der N\u00e4he von Paderborn ist meine Wahlheimat. In Soest habe ich Design- und Projektmanagement studiert und meinen Master in Wirtschaftsingenieurwesen in Hagen absolviert. Hauptberuflich arbeite ich als Projektmanagerin f\u00fcr Kommunikationsprojekte. Mit LIANA design bringe ich meine Kreativit\u00e4t &hellip; <\/p>\n","protected":false},"author":1,"featured_media":0,"parent":76,"menu_order":0,"comment_status":"closed","ping_status":"closed","template":"","meta":{"_vp_format_video_url":"","_vp_image_focal_point":[],"footnotes":""},"class_list":["post-17","page","type-page","status-publish","hentry"],"_links":{"self":[{"href":"https:\/\/lianadesign.de\/index.php?rest_route=\/wp\/v2\/pages\/17","targetHints":{"allow":["GET"]}}],"collection":[{"href":"https:\/\/lianadesign.de\/index.php?rest_route=\/wp\/v2\/pages"}],"about":[{"href":"https:\/\/lianadesign.de\/index.php?rest_route=\/wp\/v2\/types\/page"}],"author":[{"embeddable":true,"href":"https:\/\/lianadesign.de\/index.php?rest_route=\/wp\/v2\/users\/1"}],"replies":[{"embeddable":true,"href":"https:\/\/lianadesign.de\/index.php?rest_route=%2Fwp%2Fv2%2Fcomments&post=17"}],"version-history":[{"count":9,"href":"https:\/\/lianadesign.de\/index.php?rest_route=\/wp\/v2\/pages\/17\/revisions"}],"predecessor-version":[{"id":242,"href":"https:\/\/lianadesign.de\/index.php?rest_route=\/wp\/v2\/pages\/17\/revisions\/242"}],"up":[{"embeddable":true,"href":"https:\/\/lianadesign.de\/index.php?rest_route=\/wp\/v2\/pages\/76"}],"wp:attachment":[{"href":"https:\/\/lianadesign.de\/index.php?rest_route=%2Fwp%2Fv2%2Fmedia&parent=17"}],"curies":[{"name":"wp","href":"https:\/\/api.w.org\/{rel}","templated":true}]}}